{"id":2321,"date":"2017-11-15T09:45:20","date_gmt":"2017-11-15T09:45:20","guid":{"rendered":"https:\/\/akademietforyngreforskere.no\/hjem\/"},"modified":"2025-05-19T08:59:40","modified_gmt":"2025-05-19T06:59:40","slug":"hjem","status":"publish","type":"page","link":"https:\/\/akademietforyngreforskere.no\/en\/","title":{"rendered":"Home"},"content":{"rendered":"\n<h1>\n\t\t&#8211; promoting science and shaping the knowledge-based society of the future \n\t<\/h1>\n\t<p><strong>The\u00a0Young Academy of Norway\u00a0is\u00a0an interdisciplinary organization for young<\/strong>\u00a0<strong>researchers dedicated to research policy and dissemination.<\/strong><\/p>\n<p>The Young Academy of Norway consists of talented, junior researchers from all disciplines with a demonstrated commitment to science policy and innovative research dissemination. Members have been selected through an application process involving a scientific review process followed by interviews, and have membership for four years.<\/p>\n<p>The Norwegian Academy of Science and Letters took the initiative to establish the Young Academy of Norway, which was formally launched in October 2015 with an initial twenty members. Presently the Academy consists of 41 members.<\/p>\n<p>While open to members of any nationality, the working language of the academy is Norwegian. The academy gathers at least biannually at different locations in Norway and cooperates with the growing community of national and global young academies worldwide.<\/p>\n<p>Call for applications is open annually normally during May and June. More information is found <a href=\"https:\/\/akademietforyngreforskere.no\/en\/apply\/\">here.\u00a0<\/a><\/p>\n\t\t\t\t<img loading=\"lazy\" decoding=\"async\" src=\"https:\/\/akademietforyngreforskere.no\/wp-content\/uploads\/2024\/10\/2024-AYF-Gruppebilde-Foto-Eivind-Senneset-scaled.jpg\" alt=\"From our autumn gathering in Bergen oct. 2024. Photo: Eivind Senneset, AYF\" itemprop=\"image\" height=\"1708\" width=\"2560\" title=\"Generalforsamling 2024\" onerror=\"this.style.display='none'\"  \/>\n\t\t\t\t<a href=\"https:\/\/akademietforyngreforskere.no\/wp-content\/uploads\/2025\/05\/Arbeidsprogram-2024-oppdatert-engelskengelsk.pdf\"  target=\"_self\" itemprop=\"url\">\n\t\t\t\t<img loading=\"lazy\" decoding=\"async\" src=\"https:\/\/akademietforyngreforskere.no\/wp-content\/uploads\/2025\/05\/54298434530_b890ec034a_o-512x512.jpg\" alt=\"A picture of The Norwegian Young Academy on the stairs of The Norwegian Academy of Letters and Sciences at the annual winter gathering.\" itemprop=\"image\" height=\"512\" width=\"512\" title=\"54298434530_b890ec034a_o\" onerror=\"this.style.display='none'\"  \/>\n\t\t\t\t<\/a>\n<h3><a href=\"https:\/\/akademietforyngreforskere.no\/wp-content\/uploads\/2025\/05\/Arbeidsprogram-2024-oppdatert-engelskengelsk.pdf\" target=\"_self\">Annual programme 2025<\/a><\/h3>\t\n\t\t\t\t<a href=\"https:\/\/akademietforyngreforskere.no\/wp-content\/uploads\/2022\/01\/AyfStrategy2022-2026.pdf\"  target=\"_self\" itemprop=\"url\">\n\t\t\t\t<img loading=\"lazy\" decoding=\"async\" src=\"https:\/\/akademietforyngreforskere.no\/wp-content\/uploads\/2019\/03\/AkademietsStrategi2017-2021-Symbol1-500x500.png\" alt=\"AkademietsStrategi2017-2021-Symbol1\" itemprop=\"image\" height=\"500\" width=\"500\" title=\"AkademietsStrategi2017-2021-Symbol1\" onerror=\"this.style.display='none'\"  \/>\n\t\t\t\t<\/a>\n<h3><a href=\"https:\/\/akademietforyngreforskere.no\/wp-content\/uploads\/2022\/01\/AyfStrategy2022-2026.pdf\" target=\"_self\">Strategy<\/a><\/h3>\t\n\t\t\t\t<a href=\"https:\/\/akademietforyngreforskere.no\/wp-content\/uploads\/2018\/07\/AyfWorkProgram2018.pdf\"  target=\"_self\" itemprop=\"url\">\n\t\t\t\t<img loading=\"lazy\" decoding=\"async\" src=\"https:\/\/akademietforyngreforskere.no\/wp-content\/uploads\/2019\/03\/AyfArbeidsplan2018IllustrasjonCMYK-500x500.png\" alt=\"AyfArbeidsplan2018IllustrasjonCMYK\" itemprop=\"image\" height=\"500\" width=\"500\" title=\"AyfArbeidsplan2018IllustrasjonCMYK\" onerror=\"this.style.display='none'\"  \/>\n\t\t\t\t<\/a>\n<h3><a href=\"https:\/\/akademietforyngreforskere.no\/wp-content\/uploads\/2018\/07\/AyfWorkProgram2018.pdf\" target=\"_self\">Work programme 2018<\/a><\/h3>\t\n\t\t\t\t<a href=\"https:\/\/akademietforyngreforskere.no\/wp-content\/uploads\/2024\/06\/AYF-Annual-programme-2024-1.pdf\"  target=\"_self\" itemprop=\"url\">\n\t\t\t\t<img loading=\"lazy\" decoding=\"async\" src=\"https:\/\/akademietforyngreforskere.no\/wp-content\/uploads\/2024\/07\/Annual-programme-2024-1-512x512.png\" alt=\"Annual programme 2024\" itemprop=\"image\" height=\"512\" width=\"512\" title=\"Annual programme 2024\" onerror=\"this.style.display='none'\"  \/>\n\t\t\t\t<\/a>\n<h3><a href=\"https:\/\/akademietforyngreforskere.no\/wp-content\/uploads\/2024\/06\/AYF-Annual-programme-2024-1.pdf\" target=\"_self\">Annual programme 2024<\/a><\/h3>\t\n\t\t\t\t<a href=\"https:\/\/akademietforyngreforskere.no\/wp-content\/uploads\/2018\/05\/Young-researchers-in-Norway-Career-paths-and-ambitions_.pdf\"  target=\"_blank\" rel=\"noopener\"  itemprop=\"url\">\n\t\t\t\t<img loading=\"lazy\" decoding=\"async\" src=\"https:\/\/akademietforyngreforskere.no\/wp-content\/uploads\/2019\/03\/young-researches-square.png\" alt=\"young-researches-square\" itemprop=\"image\" height=\"500\" width=\"500\" title=\"young-researches-square\" onerror=\"this.style.display='none'\"  \/>\n\t\t\t\t<\/a>\n<h3><a href=\"https:\/\/akademietforyngreforskere.no\/wp-content\/uploads\/2018\/05\/Young-researchers-in-Norway-Career-paths-and-ambitions_.pdf\" target=\"_blank\"  rel=\"noopener\">Young researchers in Norway<\/a><\/h3>\t\n\t\t\t\t<a href=\"https:\/\/akademietforyngreforskere.no\/wp-content\/uploads\/2021\/12\/2021-Articles-of-association-last-revised-GF-2021.pdf\"  target=\"_self\" itemprop=\"url\">\n\t\t\t\t<img loading=\"lazy\" decoding=\"async\" src=\"https:\/\/akademietforyngreforskere.no\/wp-content\/uploads\/2019\/03\/Articles-of-Association-500x500.png\" alt=\"Articles of Association\" itemprop=\"image\" height=\"500\" width=\"500\" title=\"Articles of Association\" onerror=\"this.style.display='none'\"  \/>\n\t\t\t\t<\/a>\n<h3><a href=\"https:\/\/akademietforyngreforskere.no\/wp-content\/uploads\/2021\/12\/2021-Articles-of-association-last-revised-GF-2021.pdf\" target=\"_self\">Articles of Association<\/a><\/h3>\t\n\t\t\t\t<a href=\"https:\/\/akademietforyngreforskere.no\/wp-content\/uploads\/2024\/06\/TheYoungAcademyOfNorwayPoliticalPlatform2024.pdf\"  target=\"_self\" itemprop=\"url\">\n\t\t\t\t<img loading=\"lazy\" decoding=\"async\" src=\"https:\/\/akademietforyngreforskere.no\/wp-content\/uploads\/2024\/08\/Political-Platform-512x512.png\" alt=\"Political Platform\" itemprop=\"image\" height=\"512\" width=\"512\" title=\"Political Platform\" onerror=\"this.style.display='none'\"  \/>\n\t\t\t\t<\/a>\n<h3><a href=\"https:\/\/akademietforyngreforskere.no\/wp-content\/uploads\/2024\/06\/TheYoungAcademyOfNorwayPoliticalPlatform2024.pdf\" target=\"_self\">Political Platform 2024<\/a><\/h3>\t\n\t\t\t\t<a href=\"https:\/\/akademietforyngreforskere.no\/wp-content\/uploads\/2022\/01\/AyfWorkProgramme2022.pdf\"  target=\"_self\" itemprop=\"url\">\n\t\t\t\t<img loading=\"lazy\" decoding=\"async\" src=\"https:\/\/akademietforyngreforskere.no\/wp-content\/uploads\/2022\/01\/Arbeidsprogram2022-512x512.png\" alt=\"Arbeidsprogram2022\" itemprop=\"image\" height=\"512\" width=\"512\" title=\"Arbeidsprogram2022\" onerror=\"this.style.display='none'\"  \/>\n\t\t\t\t<\/a>\n<h3><a href=\"https:\/\/akademietforyngreforskere.no\/wp-content\/uploads\/2022\/01\/AyfWorkProgramme2022.pdf\" target=\"_self\">Work programme 2022<\/a><\/h3>\t\n\t\t\t\t<a href=\"https:\/\/akademietforyngreforskere.no\/wp-content\/uploads\/2023\/01\/AyfAnnualProgramme2023.pdf\"  target=\"_self\" itemprop=\"url\">\n\t\t\t\t<img loading=\"lazy\" decoding=\"async\" src=\"https:\/\/akademietforyngreforskere.no\/wp-content\/uploads\/2023\/01\/Annual-programme-2023-512x512.png\" alt=\"Annual programme 2023\" itemprop=\"image\" height=\"512\" width=\"512\" title=\"Annual programme 2023\" onerror=\"this.style.display='none'\"  \/>\n\t\t\t\t<\/a>\n<h3><a href=\"https:\/\/akademietforyngreforskere.no\/wp-content\/uploads\/2023\/01\/AyfAnnualProgramme2023.pdf\" target=\"_self\">Annual programme 2023<\/a><\/h3>\t\n\t\t\t\t<a href=\"https:\/\/akademietforyngreforskere.no\/wp-content\/uploads\/2021\/01\/TheYoungAcademyofNorway-WorkProgramme2021.pdf\"  target=\"_self\" itemprop=\"url\">\n\t\t\t\t<img loading=\"lazy\" decoding=\"async\" src=\"https:\/\/akademietforyngreforskere.no\/wp-content\/uploads\/2021\/01\/TYAON-WorkProgramme2021-512x512.png\" alt=\"TYAON-WorkProgramme2021\" itemprop=\"image\" height=\"512\" width=\"512\" title=\"TYAON-WorkProgramme2021\" onerror=\"this.style.display='none'\"  \/>\n\t\t\t\t<\/a>\n<h3><a href=\"https:\/\/akademietforyngreforskere.no\/wp-content\/uploads\/2021\/01\/TheYoungAcademyofNorway-WorkProgramme2021.pdf\" target=\"_self\">Work programme 2021<\/a><\/h3>\t\n\t<p>The academy is governed by a Board comprised of members of the academy, elected by the members for a one-year term, and one to two external board members.<\/p>\n<p>The current Board consists of Guro Nore Fl\u00f8gstad (Chair), Bj\u00f8rn Hallstein Holte (Deputy Chair), Aase Kristine Lundberg, Erik Knudsen and Haley De Korne, acting representatives Lene Liebe Delsett and Marius Korsnes and external members Trygve Svensson and Anine Kierulf.<\/p>\n\t\t\t\t<img loading=\"lazy\" decoding=\"async\" src=\"https:\/\/akademietforyngreforskere.no\/wp-content\/uploads\/2024\/10\/Styre-samlebilete.jpg\" alt=\"Styre, samlebilete\" itemprop=\"image\" height=\"910\" width=\"1365\" title=\"Styre, samlebilete\" onerror=\"this.style.display='none'\"  \/>\n\t<p>More information on our activities and publications <a href=\"https:\/\/akademietforyngreforskere.no\">is available on our Norwegian pages<\/a>.<\/p>\n\t<p>Contact us at <a href=\"mailto:kontakt@akademietforyngreforskere.no\">bjorn.danbolt@yngreforskere.no<\/a>.<\/p>\n\n","protected":false},"excerpt":{"rendered":"<p>&#8211; promoting science and shaping the knowledge-based society of the future The\u00a0Young Academy of Norway\u00a0is\u00a0an interdisciplinary organization for young\u00a0researchers dedicated to research policy and dissemination. The Young Academy of Norway consists of talented, junior researchers from all disciplines with a demonstrated commitment to science policy and innovative research dissemination. Members have been selected through an &#8230; <a title=\"Home\" class=\"read-more\" href=\"https:\/\/akademietforyngreforskere.no\/en\/\" aria-label=\"More on Home\">Read more<\/a><\/p>\n","protected":false},"author":8,"featured_media":0,"parent":0,"menu_order":0,"comment_status":"closed","ping_status":"closed","template":"","meta":{"_seopress_robots_primary_cat":"","_seopress_titles_title":"%%sitename%% %%sep%% En tverrfaglig m\u00f8teplass for yngre forskere","_seopress_titles_desc":"Akademiet for yngre forskere er en tverrfaglig m\u00f8teplass og forskningspolitisk plattform for yngre forskere, en p\u00e5driver for nyskapende forskningsformidling","_seopress_robots_index":"","footnotes":""},"class_list":["post-2321","page","type-page","status-publish"],"acf":[],"_links":{"self":[{"href":"https:\/\/akademietforyngreforskere.no\/en\/wp-json\/wp\/v2\/pages\/2321","targetHints":{"allow":["GET"]}}],"collection":[{"href":"https:\/\/akademietforyngreforskere.no\/en\/wp-json\/wp\/v2\/pages"}],"about":[{"href":"https:\/\/akademietforyngreforskere.no\/en\/wp-json\/wp\/v2\/types\/page"}],"author":[{"embeddable":true,"href":"https:\/\/akademietforyngreforskere.no\/en\/wp-json\/wp\/v2\/users\/8"}],"replies":[{"embeddable":true,"href":"https:\/\/akademietforyngreforskere.no\/en\/wp-json\/wp\/v2\/comments?post=2321"}],"version-history":[{"count":0,"href":"https:\/\/akademietforyngreforskere.no\/en\/wp-json\/wp\/v2\/pages\/2321\/revisions"}],"wp:attachment":[{"href":"https:\/\/akademietforyngreforskere.no\/en\/wp-json\/wp\/v2\/media?parent=2321"}],"curies":[{"name":"wp","href":"https:\/\/api.w.org\/{rel}","templated":true}]}}